{"id":1212,"date":"2023-03-12T17:46:44","date_gmt":"2023-03-12T17:46:44","guid":{"rendered":"https:\/\/allomed.ch\/?page_id=1212"},"modified":"2023-05-25T06:08:32","modified_gmt":"2023-05-25T06:08:32","slug":"about-us","status":"publish","type":"page","link":"https:\/\/allomed.ch\/de\/about-us\/","title":{"rendered":"\u00dcber uns"},"content":{"rendered":"<div data-elementor-type=\"wp-page\" data-elementor-id=\"1212\" class=\"elementor elementor-1212\">\n\t\t\t\t\t\t\t\t\t<section class=\"elementor-section elementor-top-section elementor-element elementor-element-1744730 elementor-section-full_width elementor-section-height-default elementor-section-height-default\" data-id=\"1744730\" data-element_type=\"section\">\n\t\t\t\t\t\t\t<div class=\"elementor-background-overlay\"><\/div>\n\t\t\t\t\t\t\t<div class=\"elementor-container elementor-column-gap-no\">\n\t\t\t\t\t<div class=\"elementor-column elementor-col-100 elementor-top-column elementor-element elementor-element-ad40410\" data-id=\"ad40410\" data-element_type=\"column\">\n\t\t\t<div class=\"elementor-widget-wrap elementor-element-populated\">\n\t\t\t\t\t\t\t\t<div class=\"elementor-element elementor-element-b8a7762 elementor-widget elementor-widget-image\" data-id=\"b8a7762\" data-element_type=\"widget\" data-widget_type=\"image.default\">\n\t\t\t\t<div class=\"elementor-widget-container\">\n\t\t\t<style>\/*! elementor - v3.11.4 - 12-03-2023 *\/\n.elementor-widget-image{text-align:center}.elementor-widget-image a{display:inline-block}.elementor-widget-image a img[src$=\".svg\"]{width:48px}.elementor-widget-image img{vertical-align:middle;display:inline-block}<\/style>\t\t\t\t\t\t\t\t\t\t\t\t<img decoding=\"async\" width=\"2560\" height=\"1706\" src=\"https:\/\/allomed.ch\/wp-content\/uploads\/2021\/03\/young-fem-scaled.jpg\" class=\"attachment-full size-full wp-image-131\" alt=\"\" loading=\"lazy\" srcset=\"https:\/\/allomed.ch\/wp-content\/uploads\/2021\/03\/young-fem-scaled.jpg 2560w, https:\/\/allomed.ch\/wp-content\/uploads\/2021\/03\/young-fem-300x200.jpg 300w, https:\/\/allomed.ch\/wp-content\/uploads\/2021\/03\/young-fem-1024x683.jpg 1024w, https:\/\/allomed.ch\/wp-content\/uploads\/2021\/03\/young-fem-768x512.jpg 768w, https:\/\/allomed.ch\/wp-content\/uploads\/2021\/03\/young-fem-1536x1024.jpg 1536w, https:\/\/allomed.ch\/wp-content\/uploads\/2021\/03\/young-fem-2048x1365.jpg 2048w, https:\/\/allomed.ch\/wp-content\/uploads\/2021\/03\/young-fem-1200x800.jpg 1200w, https:\/\/allomed.ch\/wp-content\/uploads\/2021\/03\/young-fem-1980x1320.jpg 1980w\" sizes=\"(max-width: 2560px) 100vw, 2560px\" \/>\t\t\t\t\t\t\t\t\t\t\t\t\t\t\t<\/div>\n\t\t\t\t<\/div>\n\t\t\t\t\t<\/div>\n\t\t<\/div>\n\t\t\t\t\t\t\t<\/div>\n\t\t<\/section>\n\t\t\t\t<section class=\"elementor-section elementor-top-section elementor-element elementor-element-b67baf1 elementor-section-boxed elementor-section-height-default elementor-section-height-default\" data-id=\"b67baf1\" data-element_type=\"section\">\n\t\t\t\t\t\t<div class=\"elementor-container elementor-column-gap-default\">\n\t\t\t\t\t<div class=\"elementor-column elementor-col-50 elementor-top-column elementor-element elementor-element-066c1c5\" data-id=\"066c1c5\" data-element_type=\"column\">\n\t\t\t<div class=\"elementor-widget-wrap elementor-element-populated\">\n\t\t\t\t\t\t\t\t<div class=\"elementor-element elementor-element-c86f4b4 elementor-widget elementor-widget-spacer\" data-id=\"c86f4b4\" data-element_type=\"widget\" data-widget_type=\"spacer.default\">\n\t\t\t\t<div class=\"elementor-widget-container\">\n\t\t\t<style>\/*! elementor - v3.11.4 - 12-03-2023 *\/\n.elementor-column .elementor-spacer-inner{height:var(--spacer-size)}.e-con{--container-widget-width:100%}.e-con-inner>.elementor-widget-spacer,.e-con>.elementor-widget-spacer{width:var(--container-widget-width,var(--spacer-size));--align-self:var(--container-widget-align-self,initial);--flex-shrink:0}.e-con-inner>.elementor-widget-spacer>.elementor-widget-container,.e-con-inner>.elementor-widget-spacer>.elementor-widget-container>.elementor-spacer,.e-con>.elementor-widget-spacer>.elementor-widget-container,.e-con>.elementor-widget-spacer>.elementor-widget-container>.elementor-spacer{height:100%}.e-con-inner>.elementor-widget-spacer>.elementor-widget-container>.elementor-spacer>.elementor-spacer-inner,.e-con>.elementor-widget-spacer>.elementor-widget-container>.elementor-spacer>.elementor-spacer-inner{height:var(--container-widget-height,var(--spacer-size))}<\/style>\t\t<div class=\"elementor-spacer\">\n\t\t\t<div class=\"elementor-spacer-inner\"><\/div>\n\t\t<\/div>\n\t\t\t\t<\/div>\n\t\t\t\t<\/div>\n\t\t\t\t<div class=\"elementor-element elementor-element-466719d elementor-widget elementor-widget-heading\" data-id=\"466719d\" data-element_type=\"widget\" data-widget_type=\"heading.default\">\n\t\t\t\t<div class=\"elementor-widget-container\">\n\t\t\t<style>\/*! elementor - v3.11.4 - 12-03-2023 *\/\n.elementor-heading-title{padding:0;margin:0;line-height:1}.elementor-widget-heading .elementor-heading-title[class*=elementor-size-]>a{color:inherit;font-size:inherit;line-height:inherit}.elementor-widget-heading .elementor-heading-title.elementor-size-small{font-size:15px}.elementor-widget-heading .elementor-heading-title.elementor-size-medium{font-size:19px}.elementor-widget-heading .elementor-heading-title.elementor-size-large{font-size:29px}.elementor-widget-heading .elementor-heading-title.elementor-size-xl{font-size:39px}.elementor-widget-heading .elementor-heading-title.elementor-size-xxl{font-size:59px}<\/style><h2 class=\"elementor-heading-title elementor-size-default\">\u00dcber AlloMed<\/h2>\t\t<\/div>\n\t\t\t\t<\/div>\n\t\t\t\t<div class=\"elementor-element elementor-element-1c0e493 elementor-widget elementor-widget-text-editor\" data-id=\"1c0e493\" data-element_type=\"widget\" data-widget_type=\"text-editor.default\">\n\t\t\t\t<div class=\"elementor-widget-container\">\n\t\t\t<style>\/*! elementor - v3.11.4 - 12-03-2023 *\/\n.elementor-widget-text-editor.elementor-drop-cap-view-stacked .elementor-drop-cap{background-color:#818a91;color:#fff}.elementor-widget-text-editor.elementor-drop-cap-view-framed .elementor-drop-cap{color:#818a91;border:3px solid;background-color:transparent}.elementor-widget-text-editor:not(.elementor-drop-cap-view-default) .elementor-drop-cap{margin-top:8px}.elementor-widget-text-editor:not(.elementor-drop-cap-view-default) .elementor-drop-cap-letter{width:1em;height:1em}.elementor-widget-text-editor .elementor-drop-cap{float:left;text-align:center;line-height:1;font-size:50px}.elementor-widget-text-editor .elementor-drop-cap-letter{display:inline-block}<\/style>\t\t\t\t<p>Die Idee von Allomed entstand, w\u00e4hrend der Covid-Krise, von der vor allem Patienten und ihre \u00c4rzte betroffen waren. Es war schwierig, den Kontakt aufrecht zu erhalten, und das Bed\u00fcrfnis, sich zu sehen, war wichtiger.<\/p><p>Allomed hat sich entschieden, diese Anwendung zu entwickeln, um allen Patienten einen einfachen Zugang zu medizinischem Fachpersonal zu erm\u00f6glichen.<\/p><p>Dank Allomed k\u00f6nnen sich Patienten, aber auch Angeh\u00f6rige der Gesundheitsberufe leicht austauschen, nachverfolgen und sicherstellen, dass optimale L\u00f6sungen vorgeschlagen werden.<\/p><p>Allomed entlastet auch medizinische Notf\u00e4lle, die \u00fcberlastet sind, und erm\u00f6glicht eine schnelle und effektive Versorgung. Unser Service hilft Patienten, eine faire und genaue medizinische Erstmeinung zu erhalten.<\/p>\t\t\t\t\t\t<\/div>\n\t\t\t\t<\/div>\n\t\t\t\t<div class=\"elementor-element elementor-element-596746a elementor-widget elementor-widget-image\" data-id=\"596746a\" data-element_type=\"widget\" data-widget_type=\"image.default\">\n\t\t\t\t<div class=\"elementor-widget-container\">\n\t\t\t\t\t\t\t\t\t\t\t\t\t\t\t<img decoding=\"async\" width=\"580\" height=\"387\" src=\"https:\/\/allomed.ch\/wp-content\/uploads\/2023\/03\/slide-medipole-1A-1024x683.jpg\" class=\"attachment-large size-large wp-image-1224\" alt=\"\" loading=\"lazy\" srcset=\"https:\/\/allomed.ch\/wp-content\/uploads\/2023\/03\/slide-medipole-1A-1024x683.jpg 1024w, https:\/\/allomed.ch\/wp-content\/uploads\/2023\/03\/slide-medipole-1A-300x200.jpg 300w, https:\/\/allomed.ch\/wp-content\/uploads\/2023\/03\/slide-medipole-1A-768x512.jpg 768w, https:\/\/allomed.ch\/wp-content\/uploads\/2023\/03\/slide-medipole-1A-1536x1024.jpg 1536w, https:\/\/allomed.ch\/wp-content\/uploads\/2023\/03\/slide-medipole-1A-18x12.jpg 18w, https:\/\/allomed.ch\/wp-content\/uploads\/2023\/03\/slide-medipole-1A-1200x800.jpg 1200w, https:\/\/allomed.ch\/wp-content\/uploads\/2023\/03\/slide-medipole-1A.jpg 1920w\" sizes=\"(max-width: 580px) 100vw, 580px\" \/>\t\t\t\t\t\t\t\t\t\t\t\t\t\t\t<\/div>\n\t\t\t\t<\/div>\n\t\t\t\t\t<\/div>\n\t\t<\/div>\n\t\t\t\t<div class=\"elementor-column elementor-col-50 elementor-top-column elementor-element elementor-element-e842e9e\" data-id=\"e842e9e\" data-element_type=\"column\">\n\t\t\t<div class=\"elementor-widget-wrap elementor-element-populated\">\n\t\t\t\t\t\t\t\t<div class=\"elementor-element elementor-element-378a377 elementor-widget elementor-widget-image\" data-id=\"378a377\" data-element_type=\"widget\" data-widget_type=\"image.default\">\n\t\t\t\t<div class=\"elementor-widget-container\">\n\t\t\t\t\t\t\t\t\t\t\t\t\t\t\t<img decoding=\"async\" width=\"496\" height=\"640\" src=\"https:\/\/allomed.ch\/wp-content\/uploads\/2023\/03\/about.png\" class=\"attachment-large size-large wp-image-1225\" alt=\"\" loading=\"lazy\" srcset=\"https:\/\/allomed.ch\/wp-content\/uploads\/2023\/03\/about.png 496w, https:\/\/allomed.ch\/wp-content\/uploads\/2023\/03\/about-233x300.png 233w, https:\/\/allomed.ch\/wp-content\/uploads\/2023\/03\/about-9x12.png 9w\" sizes=\"(max-width: 496px) 100vw, 496px\" \/>\t\t\t\t\t\t\t\t\t\t\t\t\t\t\t<\/div>\n\t\t\t\t<\/div>\n\t\t\t\t<div class=\"elementor-element elementor-element-e455ddb elementor-widget elementor-widget-heading\" data-id=\"e455ddb\" data-element_type=\"widget\" data-widget_type=\"heading.default\">\n\t\t\t\t<div class=\"elementor-widget-container\">\n\t\t\t<h2 class=\"elementor-heading-title elementor-size-default\">Vision<\/h2>\t\t<\/div>\n\t\t\t\t<\/div>\n\t\t\t\t<div class=\"elementor-element elementor-element-41ffd72 elementor-widget elementor-widget-text-editor\" data-id=\"41ffd72\" data-element_type=\"widget\" data-widget_type=\"text-editor.default\">\n\t\t\t\t<div class=\"elementor-widget-container\">\n\t\t\t\t\t\t\t<p>Das ultimative Ziel von Allomed ist es, eine kreative, flexible und sichere Plattform bereitzustellen, die den Zugang zu allen Gesundheitsdienstleistungen, die ein Patient ben\u00f6tigt, auf einer einzigen benutzerfreundlichen Plattform erleichtert. Dieses Ziel kann nur erreicht werden, wenn wir die Zufriedenheit unserer Nutzer sorgf\u00e4ltig ber\u00fccksichtigen, um sie kontinuierlich und nachhaltig zu verbessern.<\/p>\t\t\t\t\t\t<\/div>\n\t\t\t\t<\/div>\n\t\t\t\t\t<\/div>\n\t\t<\/div>\n\t\t\t\t\t\t\t<\/div>\n\t\t<\/section>\n\t\t\t\t\t\t\t<\/div>","protected":false},"excerpt":{"rendered":"<p>About AlloMed The idea of Allomed was born during the Covid crisis, which particularly affected patients and their doctors. It was difficult to maintain contact and the need to see each other was more important. Allomed decided to create this application to allow all patients easy access with health professionals. Thanks to Allomed, patients but [&hellip;]<\/p>","protected":false},"author":1,"featured_media":0,"parent":0,"menu_order":0,"comment_status":"closed","ping_status":"closed","template":"","meta":{"_mi_skip_tracking":false},"_links":{"self":[{"href":"https:\/\/allomed.ch\/de\/wp-json\/wp\/v2\/pages\/1212"}],"collection":[{"href":"https:\/\/allomed.ch\/de\/wp-json\/wp\/v2\/pages"}],"about":[{"href":"https:\/\/allomed.ch\/de\/wp-json\/wp\/v2\/types\/page"}],"author":[{"embeddable":true,"href":"https:\/\/allomed.ch\/de\/wp-json\/wp\/v2\/users\/1"}],"replies":[{"embeddable":true,"href":"https:\/\/allomed.ch\/de\/wp-json\/wp\/v2\/comments?post=1212"}],"version-history":[{"count":17,"href":"https:\/\/allomed.ch\/de\/wp-json\/wp\/v2\/pages\/1212\/revisions"}],"predecessor-version":[{"id":1245,"href":"https:\/\/allomed.ch\/de\/wp-json\/wp\/v2\/pages\/1212\/revisions\/1245"}],"wp:attachment":[{"href":"https:\/\/allomed.ch\/de\/wp-json\/wp\/v2\/media?parent=1212"}],"curies":[{"name":"wp","href":"https:\/\/api.w.org\/{rel}","templated":true}]}}