{"id":51,"date":"2021-01-20T06:39:18","date_gmt":"2021-01-20T06:39:18","guid":{"rendered":"http:\/\/developerserver.tk\/Doctorbm\/?page_id=51"},"modified":"2023-06-22T09:53:24","modified_gmt":"2023-06-22T09:53:24","slug":"patient-guide","status":"publish","type":"page","link":"https:\/\/allomed.ch\/de\/patient-guide\/","title":{"rendered":"Patienten-Ratgeber"},"content":{"rendered":"<div data-elementor-type=\"wp-page\" data-elementor-id=\"51\" class=\"elementor elementor-51\">\n\t\t\t\t\t\t\t\t\t<section class=\"elementor-section elementor-top-section elementor-element elementor-element-5513d186 elementor-section-boxed elementor-section-height-default elementor-section-height-default\" data-id=\"5513d186\" data-element_type=\"section\">\n\t\t\t\t\t\t<div class=\"elementor-container elementor-column-gap-default\">\n\t\t\t\t\t<div class=\"elementor-column elementor-col-100 elementor-top-column elementor-element elementor-element-11a468f4\" data-id=\"11a468f4\" data-element_type=\"column\">\n\t\t\t<div class=\"elementor-widget-wrap elementor-element-populated\">\n\t\t\t\t\t\t\t\t<div class=\"elementor-element elementor-element-653ca8ac elementor-widget elementor-widget-text-editor\" data-id=\"653ca8ac\" data-element_type=\"widget\" data-widget_type=\"text-editor.default\">\n\t\t\t\t<div class=\"elementor-widget-container\">\n\t\t\t<style>\/*! elementor - v3.11.4 - 12-03-2023 *\/\n.elementor-widget-text-editor.elementor-drop-cap-view-stacked .elementor-drop-cap{background-color:#818a91;color:#fff}.elementor-widget-text-editor.elementor-drop-cap-view-framed .elementor-drop-cap{color:#818a91;border:3px solid;background-color:transparent}.elementor-widget-text-editor:not(.elementor-drop-cap-view-default) .elementor-drop-cap{margin-top:8px}.elementor-widget-text-editor:not(.elementor-drop-cap-view-default) .elementor-drop-cap-letter{width:1em;height:1em}.elementor-widget-text-editor .elementor-drop-cap{float:left;text-align:center;line-height:1;font-size:50px}.elementor-widget-text-editor .elementor-drop-cap-letter{display:inline-block}<\/style>\t\t\t\t<!-- wp:heading {\"level\":5} -->\n<h5><strong>Unsere Ziele und Mission<\/strong><\/h5>\n<!-- \/wp:heading --><!-- wp:paragraph -->\n<p>Allomed ist eine Online-Plattform, die darauf abzielt, einen einfachen, praktikablen, flexiblen und innovativen Kommunikationskanal zwischen \u00c4rzten und medizinischem Fachpersonal zu schaffen.<\/p>\n<!-- \/wp:paragraph --><!-- wp:paragraph -->\n<p>Allomed zielt darauf ab, Patienten eine au\u00dfergew\u00f6hnliche private Plattform zu bieten, auf der sie einen Arzt ausw\u00e4hlen, einen Termin buchen und erfahrene medizinische Fachkr\u00e4fte in einer privaten virtuellen Klinik \u00fcber hochwertige, sichere Medien treffen k\u00f6nnen. Das oben genannte Ziel wird durch die sorgf\u00e4ltige Auswahl von \u00c4rzten und medizinischem Fachpersonal auf unserer Allomed-Plattform erreicht, um eine abwechslungsreiche, qualitativ hochwertige medizinische Beratung zu bieten, die w\u00e4hrend der \u00d6ffnungszeiten verf\u00fcgbar ist.<\/p>\n<!-- \/wp:paragraph --><!-- wp:paragraph -->\n<p>Medipole verwendet hochwertige Sicherheitsma\u00dfnahmen, um die Privatsph\u00e4re unserer Plattform zu sch\u00fctzen.<\/p>\n<!-- \/wp:paragraph --><!-- wp:paragraph -->\n<p>Allomed ist eine Plattform, auf der sich Patienten und medizinisches Fachpersonal zu einem Erstgespr\u00e4ch, einer Zweitmeinung, einer Nachsorge oder einem allgemeinen Beratungsgespr\u00e4ch treffen k\u00f6nnen. Allomed un ist eine au\u00dfergew\u00f6hnliche Erg\u00e4nzung f\u00fcr Patienten f\u00fcr eine schnelle medizinische Behandlung, da es ihnen erm\u00f6glicht, einen Arzt zu w\u00e4hlen.<\/p>\n<!-- \/wp:paragraph --><!-- wp:heading {\"level\":5} -->\n<h5><strong><strong>Vereinbarung mit Allomed<\/strong><\/strong><\/h5>\n<!-- \/wp:heading --><!-- wp:paragraph -->\n<p>Mit der Buchung eines Termins schlie\u00dfen Sie einen Vertrag \u00fcber die Nutzung der Allomed-Plattform ab, um die Gesundheitsfachkr\u00e4fte Ihrer Wahl f\u00fcr die gew\u00e4hlte Art des Termins zu treffen. Bitte lesen Sie die vollst\u00e4ndigen Gesch\u00e4ftsbedingungen auf der rechtlichen Seite. Allomed handelt im Auftrag von Angeh\u00f6rigen der Gesundheitsberufe, um Termine zu vereinbaren. Angeh\u00f6rige der Gesundheitsberufe legen ihre eigenen Richtlinien und Abrechnungen fest.<\/p>\n<!-- \/wp:paragraph --><!-- wp:heading {\"level\":5} -->\n<h5><strong>Beschwerdepolitik<\/strong><\/h5>\n<!-- \/wp:heading --><!-- wp:paragraph -->\n<p>Einzelheiten zu unserem Beschwerdeverfahren finden Sie auf der Beschwerdeseite.<\/p>\n<!-- \/wp:paragraph --><!-- wp:heading {\"level\":5} -->\n<h5><strong>Meinungen<\/strong><\/h5>\n<!-- \/wp:heading --><!-- wp:paragraph -->\n<p>Wir freuen uns \u00fcber Ihr Feedback. Nachdem Sie Ihre Beratung abgeschlossen haben, loggen Sie sich bitte in Ihr Konto ein, um Ihre Kommentare zu hinterlassen. Allomed ist eine neue Plattform und ben\u00f6tigt die Meinung ihrer Nutzer bez\u00fcglich des Gesamterlebnisses, der Benutzerfreundlichkeit ihrer Plattform, der ausreichenden Information, der Qualit\u00e4t der Online-Beratung, der Erfahrung w\u00e4hrend der Beratung und eventueller Verbesserungsvorschl\u00e4ge.<\/p>\n<!-- \/wp:paragraph --><!-- wp:paragraph -->\n<p>Sie werden nach der Konsultation kontaktiert, um Sie daran zu erinnern, eine Bewertung abzugeben.<\/p>\n<!-- \/wp:paragraph --><!-- wp:heading {\"level\":5} -->\n<p>\u00a0<\/p>\n<!-- \/wp:paragraph -->\n<div style=\"overflow: hidden; height: 1px;\">\n<p>Fors\u00f8k \u00e5 f\u00e5 det til \u00e5 posere skjeer &#8211; slik at hun holder deg i hendene. Doggi sp\u00f8r selv de aktive bevegelsene og vekker <a href=\"https:\/\/norge-apotek24.com\/\">https:\/\/Norge-Apotek24.com<\/a> til dyr, men det er ogs\u00e5 en annen romantisk versjon av denne holdningen &#8211; kroppen. La ham sl\u00e5 seg bakfra, hvoretter han spredte seg fremover og hvisker noe s\u00f8tt til \u00f8ret &#8211; se, en annen ting.<\/p>\n<\/div>\t\t\t\t\t\t<\/div>\n\t\t\t\t<\/div>\n\t\t\t\t\t<\/div>\n\t\t<\/div>\n\t\t\t\t\t\t\t<\/div>\n\t\t<\/section>\n\t\t\t\t<section class=\"elementor-section elementor-top-section elementor-element elementor-element-209d9a7 elementor-section-boxed elementor-section-height-default elementor-section-height-default\" data-id=\"209d9a7\" data-element_type=\"section\">\n\t\t\t\t\t\t<div class=\"elementor-container elementor-column-gap-default\">\n\t\t\t\t\t<div class=\"elementor-column elementor-col-50 elementor-top-column elementor-element elementor-element-33c5bfc\" data-id=\"33c5bfc\" data-element_type=\"column\">\n\t\t\t<div class=\"elementor-widget-wrap elementor-element-populated\">\n\t\t\t\t\t\t\t\t<div class=\"elementor-element elementor-element-725b4e8 elementor-widget elementor-widget-image\" data-id=\"725b4e8\" data-element_type=\"widget\" data-widget_type=\"image.default\">\n\t\t\t\t<div class=\"elementor-widget-container\">\n\t\t\t<style>\/*! elementor - v3.11.4 - 12-03-2023 *\/\n.elementor-widget-image{text-align:center}.elementor-widget-image a{display:inline-block}.elementor-widget-image a img[src$=\".svg\"]{width:48px}.elementor-widget-image img{vertical-align:middle;display:inline-block}<\/style>\t\t\t\t\t\t\t\t\t\t\t\t<img decoding=\"async\" width=\"580\" height=\"535\" src=\"https:\/\/allomed.ch\/wp-content\/uploads\/2023\/03\/alloMed-311.png\" class=\"attachment-large size-large wp-image-1198\" alt=\"\" loading=\"lazy\" srcset=\"https:\/\/allomed.ch\/wp-content\/uploads\/2023\/03\/alloMed-311.png 738w, https:\/\/allomed.ch\/wp-content\/uploads\/2023\/03\/alloMed-311-300x277.png 300w, https:\/\/allomed.ch\/wp-content\/uploads\/2023\/03\/alloMed-311-13x12.png 13w\" sizes=\"(max-width: 580px) 100vw, 580px\" \/>\t\t\t\t\t\t\t\t\t\t\t\t\t\t\t<\/div>\n\t\t\t\t<\/div>\n\t\t\t\t\t<\/div>\n\t\t<\/div>\n\t\t\t\t<div class=\"elementor-column elementor-col-50 elementor-top-column elementor-element elementor-element-cff3f43\" data-id=\"cff3f43\" data-element_type=\"column\">\n\t\t\t<div class=\"elementor-widget-wrap elementor-element-populated\">\n\t\t\t\t\t\t\t\t<div class=\"elementor-element elementor-element-b5eb004 elementor-widget elementor-widget-spacer\" data-id=\"b5eb004\" data-element_type=\"widget\" data-widget_type=\"spacer.default\">\n\t\t\t\t<div class=\"elementor-widget-container\">\n\t\t\t<style>\/*! elementor - v3.11.4 - 12-03-2023 *\/\n.elementor-column .elementor-spacer-inner{height:var(--spacer-size)}.e-con{--container-widget-width:100%}.e-con-inner>.elementor-widget-spacer,.e-con>.elementor-widget-spacer{width:var(--container-widget-width,var(--spacer-size));--align-self:var(--container-widget-align-self,initial);--flex-shrink:0}.e-con-inner>.elementor-widget-spacer>.elementor-widget-container,.e-con-inner>.elementor-widget-spacer>.elementor-widget-container>.elementor-spacer,.e-con>.elementor-widget-spacer>.elementor-widget-container,.e-con>.elementor-widget-spacer>.elementor-widget-container>.elementor-spacer{height:100%}.e-con-inner>.elementor-widget-spacer>.elementor-widget-container>.elementor-spacer>.elementor-spacer-inner,.e-con>.elementor-widget-spacer>.elementor-widget-container>.elementor-spacer>.elementor-spacer-inner{height:var(--container-widget-height,var(--spacer-size))}<\/style>\t\t<div class=\"elementor-spacer\">\n\t\t\t<div class=\"elementor-spacer-inner\"><\/div>\n\t\t<\/div>\n\t\t\t\t<\/div>\n\t\t\t\t<\/div>\n\t\t\t\t<div class=\"elementor-element elementor-element-35cde73 elementor-widget elementor-widget-heading\" data-id=\"35cde73\" data-element_type=\"widget\" data-widget_type=\"heading.default\">\n\t\t\t\t<div class=\"elementor-widget-container\">\n\t\t\t<style>\/*! elementor - v3.11.4 - 12-03-2023 *\/\n.elementor-heading-title{padding:0;margin:0;line-height:1}.elementor-widget-heading .elementor-heading-title[class*=elementor-size-]>a{color:inherit;font-size:inherit;line-height:inherit}.elementor-widget-heading .elementor-heading-title.elementor-size-small{font-size:15px}.elementor-widget-heading .elementor-heading-title.elementor-size-medium{font-size:19px}.elementor-widget-heading .elementor-heading-title.elementor-size-large{font-size:29px}.elementor-widget-heading .elementor-heading-title.elementor-size-xl{font-size:39px}.elementor-widget-heading .elementor-heading-title.elementor-size-xxl{font-size:59px}<\/style><h2 class=\"elementor-heading-title elementor-size-default\">MEDIPOLE SA<\/h2>\t\t<\/div>\n\t\t\t\t<\/div>\n\t\t\t\t<div class=\"elementor-element elementor-element-d266ed0 elementor-widget elementor-widget-text-editor\" data-id=\"d266ed0\" data-element_type=\"widget\" data-widget_type=\"text-editor.default\">\n\t\t\t\t<div class=\"elementor-widget-container\">\n\t\t\t\t\t\t\t<p>Medipole SA \u2013 1820 Montreux, Suisse<br \/><a href=\"http:\/\/www.medipole.ch\/\">www.medipole.ch<\/a> &#8211; <a href=\"mailto:info@medipole.ch\">info@medipole.ch<\/a><\/p>\t\t\t\t\t\t<\/div>\n\t\t\t\t<\/div>\n\t\t\t\t\t<\/div>\n\t\t<\/div>\n\t\t\t\t\t\t\t<\/div>\n\t\t<\/section>\n\t\t\t\t\t\t\t<\/div>","protected":false},"excerpt":{"rendered":"<p>Our objectives and mission Allomed is an online platform that aims to create an easy, viable, flexible and innovative communication channel between doctors and healthcare professionals. Allomed aims to offer patients an exceptional private platform where they can choose a doctor, book an appointment and meet experienced healthcareprofessionals in a private virtual clinic using high-quality [&hellip;]<\/p>","protected":false},"author":1,"featured_media":0,"parent":0,"menu_order":0,"comment_status":"closed","ping_status":"closed","template":"page-templates\/patient-guide.php","meta":{"_mi_skip_tracking":false},"_links":{"self":[{"href":"https:\/\/allomed.ch\/de\/wp-json\/wp\/v2\/pages\/51"}],"collection":[{"href":"https:\/\/allomed.ch\/de\/wp-json\/wp\/v2\/pages"}],"about":[{"href":"https:\/\/allomed.ch\/de\/wp-json\/wp\/v2\/types\/page"}],"author":[{"embeddable":true,"href":"https:\/\/allomed.ch\/de\/wp-json\/wp\/v2\/users\/1"}],"replies":[{"embeddable":true,"href":"https:\/\/allomed.ch\/de\/wp-json\/wp\/v2\/comments?post=51"}],"version-history":[{"count":28,"href":"https:\/\/allomed.ch\/de\/wp-json\/wp\/v2\/pages\/51\/revisions"}],"predecessor-version":[{"id":1302,"href":"https:\/\/allomed.ch\/de\/wp-json\/wp\/v2\/pages\/51\/revisions\/1302"}],"wp:attachment":[{"href":"https:\/\/allomed.ch\/de\/wp-json\/wp\/v2\/media?parent=51"}],"curies":[{"name":"wp","href":"https:\/\/api.w.org\/{rel}","templated":true}]}}