{"id":49,"date":"2021-01-20T06:38:16","date_gmt":"2021-01-20T06:38:16","guid":{"rendered":"http:\/\/developerserver.tk\/Doctorbm\/?page_id=49"},"modified":"2023-05-27T09:33:40","modified_gmt":"2023-05-27T09:33:40","slug":"complaints","status":"publish","type":"page","link":"https:\/\/allomed.ch\/fr\/complaints\/","title":{"rendered":"R\u00e9clamations"},"content":{"rendered":"<div data-elementor-type=\"wp-page\" data-elementor-id=\"49\" class=\"elementor elementor-49\">\n\t\t\t\t\t\t\t\t\t<section class=\"elementor-section elementor-top-section elementor-element elementor-element-c2d3846 elementor-section-boxed elementor-section-height-default elementor-section-height-default\" data-id=\"c2d3846\" data-element_type=\"section\">\n\t\t\t\t\t\t<div class=\"elementor-container elementor-column-gap-default\">\n\t\t\t\t\t<div class=\"elementor-column elementor-col-50 elementor-top-column elementor-element elementor-element-a7719c8\" data-id=\"a7719c8\" data-element_type=\"column\">\n\t\t\t<div class=\"elementor-widget-wrap elementor-element-populated\">\n\t\t\t\t\t\t\t\t<div class=\"elementor-element elementor-element-02a9181 elementor-widget elementor-widget-image\" data-id=\"02a9181\" data-element_type=\"widget\" data-widget_type=\"image.default\">\n\t\t\t\t<div class=\"elementor-widget-container\">\n\t\t\t<style>\/*! elementor - v3.11.4 - 12-03-2023 *\/\n.elementor-widget-image{text-align:center}.elementor-widget-image a{display:inline-block}.elementor-widget-image a img[src$=\".svg\"]{width:48px}.elementor-widget-image img{vertical-align:middle;display:inline-block}<\/style>\t\t\t\t\t\t\t\t\t\t\t\t<img decoding=\"async\" width=\"580\" height=\"535\" src=\"https:\/\/allomed.ch\/wp-content\/uploads\/2023\/03\/alloMed-311.png\" class=\"attachment-large size-large wp-image-1198\" alt=\"\" loading=\"lazy\" srcset=\"https:\/\/allomed.ch\/wp-content\/uploads\/2023\/03\/alloMed-311.png 738w, https:\/\/allomed.ch\/wp-content\/uploads\/2023\/03\/alloMed-311-300x277.png 300w, https:\/\/allomed.ch\/wp-content\/uploads\/2023\/03\/alloMed-311-13x12.png 13w\" sizes=\"(max-width: 580px) 100vw, 580px\" \/>\t\t\t\t\t\t\t\t\t\t\t\t\t\t\t<\/div>\n\t\t\t\t<\/div>\n\t\t\t\t\t<\/div>\n\t\t<\/div>\n\t\t\t\t<div class=\"elementor-column elementor-col-50 elementor-top-column elementor-element elementor-element-a52b362\" data-id=\"a52b362\" data-element_type=\"column\">\n\t\t\t<div class=\"elementor-widget-wrap elementor-element-populated\">\n\t\t\t\t\t\t\t\t<div class=\"elementor-element elementor-element-7f2a4fd elementor-widget elementor-widget-spacer\" data-id=\"7f2a4fd\" data-element_type=\"widget\" data-widget_type=\"spacer.default\">\n\t\t\t\t<div class=\"elementor-widget-container\">\n\t\t\t<style>\/*! elementor - v3.11.4 - 12-03-2023 *\/\n.elementor-column .elementor-spacer-inner{height:var(--spacer-size)}.e-con{--container-widget-width:100%}.e-con-inner>.elementor-widget-spacer,.e-con>.elementor-widget-spacer{width:var(--container-widget-width,var(--spacer-size));--align-self:var(--container-widget-align-self,initial);--flex-shrink:0}.e-con-inner>.elementor-widget-spacer>.elementor-widget-container,.e-con-inner>.elementor-widget-spacer>.elementor-widget-container>.elementor-spacer,.e-con>.elementor-widget-spacer>.elementor-widget-container,.e-con>.elementor-widget-spacer>.elementor-widget-container>.elementor-spacer{height:100%}.e-con-inner>.elementor-widget-spacer>.elementor-widget-container>.elementor-spacer>.elementor-spacer-inner,.e-con>.elementor-widget-spacer>.elementor-widget-container>.elementor-spacer>.elementor-spacer-inner{height:var(--container-widget-height,var(--spacer-size))}<\/style>\t\t<div class=\"elementor-spacer\">\n\t\t\t<div class=\"elementor-spacer-inner\"><\/div>\n\t\t<\/div>\n\t\t\t\t<\/div>\n\t\t\t\t<\/div>\n\t\t\t\t<div class=\"elementor-element elementor-element-4da0a3e elementor-widget elementor-widget-text-editor\" data-id=\"4da0a3e\" data-element_type=\"widget\" data-widget_type=\"text-editor.default\">\n\t\t\t\t<div class=\"elementor-widget-container\">\n\t\t\t<style>\/*! elementor - v3.11.4 - 12-03-2023 *\/\n.elementor-widget-text-editor.elementor-drop-cap-view-stacked .elementor-drop-cap{background-color:#818a91;color:#fff}.elementor-widget-text-editor.elementor-drop-cap-view-framed .elementor-drop-cap{color:#818a91;border:3px solid;background-color:transparent}.elementor-widget-text-editor:not(.elementor-drop-cap-view-default) .elementor-drop-cap{margin-top:8px}.elementor-widget-text-editor:not(.elementor-drop-cap-view-default) .elementor-drop-cap-letter{width:1em;height:1em}.elementor-widget-text-editor .elementor-drop-cap{float:left;text-align:center;line-height:1;font-size:50px}.elementor-widget-text-editor .elementor-drop-cap-letter{display:inline-block}<\/style>\t\t\t\t<h1 style=\"color: #000;\"><strong>R\u00e9clamations<\/strong><\/h1>\n<p>Si vous n\u2019\u00eates pas satisfait du service que nous fournissons ou du professionnel de la sant\u00e9 que vous avez rencontr\u00e9 sur notre plateforme ou si quelque chose s\u2019est mal pass\u00e9 au cours de votre exp\u00e9rience avec allomed.ch, nous voulons le savoir. Medipole essaiera de r\u00e9gler les choses partout o\u00f9 il nous sera possible de le faire.<\/p>\n<p>Veuillez envoyer votre plainte via la page \u00ab contact \u00bb.<\/p>\n<p>Une r\u00e9ponse peut prendre jusqu\u2019\u00e0 3 semaines.<\/p>\t\t\t\t\t\t<\/div>\n\t\t\t\t<\/div>\n\t\t\t\t\t<\/div>\n\t\t<\/div>\n\t\t\t\t\t\t\t<\/div>\n\t\t<\/section>\n\t\t\t\t\t\t\t<\/div>","protected":false},"excerpt":{"rendered":"<p>Complaints If you are unhappy with the service that we provide or with the health professional that you met on our platform or if anything went wrong during your experience with allomed.ch, we want to know about it. Medipole will try to sort things out wherever it is possible for us to do so. Please [&hellip;]<\/p>","protected":false},"author":1,"featured_media":0,"parent":0,"menu_order":0,"comment_status":"closed","ping_status":"closed","template":"page-templates\/complaint.php","meta":{"_mi_skip_tracking":false},"_links":{"self":[{"href":"https:\/\/allomed.ch\/fr\/wp-json\/wp\/v2\/pages\/49"}],"collection":[{"href":"https:\/\/allomed.ch\/fr\/wp-json\/wp\/v2\/pages"}],"about":[{"href":"https:\/\/allomed.ch\/fr\/wp-json\/wp\/v2\/types\/page"}],"author":[{"embeddable":true,"href":"https:\/\/allomed.ch\/fr\/wp-json\/wp\/v2\/users\/1"}],"replies":[{"embeddable":true,"href":"https:\/\/allomed.ch\/fr\/wp-json\/wp\/v2\/comments?post=49"}],"version-history":[{"count":20,"href":"https:\/\/allomed.ch\/fr\/wp-json\/wp\/v2\/pages\/49\/revisions"}],"predecessor-version":[{"id":1269,"href":"https:\/\/allomed.ch\/fr\/wp-json\/wp\/v2\/pages\/49\/revisions\/1269"}],"wp:attachment":[{"href":"https:\/\/allomed.ch\/fr\/wp-json\/wp\/v2\/media?parent=49"}],"curies":[{"name":"wp","href":"https:\/\/api.w.org\/{rel}","templated":true}]}}