{"id":51,"date":"2021-01-20T06:39:18","date_gmt":"2021-01-20T06:39:18","guid":{"rendered":"http:\/\/developerserver.tk\/Doctorbm\/?page_id=51"},"modified":"2023-06-22T09:53:24","modified_gmt":"2023-06-22T09:53:24","slug":"patient-guide","status":"publish","type":"page","link":"https:\/\/allomed.ch\/fr\/patient-guide\/","title":{"rendered":"Guide du patient"},"content":{"rendered":"<div data-elementor-type=\"wp-page\" data-elementor-id=\"51\" class=\"elementor elementor-51\">\n\t\t\t\t\t\t\t\t\t<section class=\"elementor-section elementor-top-section elementor-element elementor-element-5513d186 elementor-section-boxed elementor-section-height-default elementor-section-height-default\" data-id=\"5513d186\" data-element_type=\"section\">\n\t\t\t\t\t\t<div class=\"elementor-container elementor-column-gap-default\">\n\t\t\t\t\t<div class=\"elementor-column elementor-col-100 elementor-top-column elementor-element elementor-element-11a468f4\" data-id=\"11a468f4\" data-element_type=\"column\">\n\t\t\t<div class=\"elementor-widget-wrap elementor-element-populated\">\n\t\t\t\t\t\t\t\t<div class=\"elementor-element elementor-element-653ca8ac elementor-widget elementor-widget-text-editor\" data-id=\"653ca8ac\" data-element_type=\"widget\" data-widget_type=\"text-editor.default\">\n\t\t\t\t<div class=\"elementor-widget-container\">\n\t\t\t<style>\/*! elementor - v3.11.4 - 12-03-2023 *\/\n.elementor-widget-text-editor.elementor-drop-cap-view-stacked .elementor-drop-cap{background-color:#818a91;color:#fff}.elementor-widget-text-editor.elementor-drop-cap-view-framed .elementor-drop-cap{color:#818a91;border:3px solid;background-color:transparent}.elementor-widget-text-editor:not(.elementor-drop-cap-view-default) .elementor-drop-cap{margin-top:8px}.elementor-widget-text-editor:not(.elementor-drop-cap-view-default) .elementor-drop-cap-letter{width:1em;height:1em}.elementor-widget-text-editor .elementor-drop-cap{float:left;text-align:center;line-height:1;font-size:50px}.elementor-widget-text-editor .elementor-drop-cap-letter{display:inline-block}<\/style>\t\t\t\t<!-- wp:heading {\"level\":5} -->\n<h5><strong>Notre objectif et mission<\/strong><\/h5>\n<!-- \/wp:heading --><!-- wp:paragraph -->\n<p>Allomed est une plateforme en ligne qui vise \u00e0 cr\u00e9er un canal de communication facile, flexible et innovant entre les m\u00e9decins, les professionnels de la sant\u00e9 et les patients.<\/p>\n<!-- \/wp:paragraph --><!-- wp:paragraph -->\n<p>Allomed vise \u00e0 offrir aux patients une plateforme priv\u00e9e exceptionnelle o\u00f9 ils peuvent choisir un m\u00e9decin, prendre un rendez-vous et rencontrer des professionnels de la sant\u00e9 exp\u00e9riment\u00e9s dans une clinique virtuelle priv\u00e9e en utilisant des m\u00e9dias s\u00e9curis\u00e9s de haute qualit\u00e9. L\u2019objectif ci-dessus sera atteint gr\u00e2ce \u00e0 la s\u00e9lection minutieuse de m\u00e9decins et de professionnels de la sant\u00e9  afin de fournir des conseils m\u00e9dicaux diversifi\u00e9s et de haute qualit\u00e9, disponibles durant des horaires \u00e9tendus.<\/p>\n<!-- \/wp:paragraph --><!-- wp:paragraph -->\n<p>Medipole utilise des mesures de s\u00e9curit\u00e9 de haute qualit\u00e9 pour prot\u00e9ger la confidentialit\u00e9 de notre plateforme.<\/p>\n<!-- \/wp:paragraph --><!-- wp:paragraph -->\n<p>Allomed est une plateforme o\u00f9 les m\u00e9decins, les professionnels de la sant\u00e9 et les patients peuvent se rencontrer pour une premi\u00e8re consultation, un deuxi\u00e8me avis, un suivi ou des conseils. Allomed un est compl\u00e9ment exceptionnel pour un traitement m\u00e9dical rapide de qualit\u00e9.<\/p>\n<!-- \/wp:paragraph --><!-- wp:heading {\"level\":5} -->\n<h5><strong><strong>Accord avec Allomed<\/strong><\/strong><\/h5>\n<!-- \/wp:heading --><!-- wp:paragraph -->\n<p>En vous inscrivant sur notre plateforme, vous concluez un contrat pour utiliser la plateforme Allomed. Veuillez lire l\u2019int\u00e9gralit\u00e9 des conditions g\u00e9n\u00e9rales. Allomed agit au nom des professionnels de la sant\u00e9 pour organiser les rendez-vous. Les m\u00e9decins et les professionnels de la sant\u00e9 fixent leur propres politiques et facturation.<\/p>\n<!-- \/wp:paragraph --><!-- wp:heading {\"level\":5} -->\n<h5><strong>Politique en mati\u00e8re de r\u00e9clamations<\/strong><\/h5>\n<!-- \/wp:heading --><!-- wp:paragraph -->\n<p>Veuillez consulter les d\u00e9tails de notre proc\u00e9dure de traitement des plaintes sur la page r\u00e9clamation.<\/p>\n<!-- \/wp:paragraph --><!-- wp:heading {\"level\":5} -->\n<h5><strong>Les avis<\/strong><\/h5>\n<!-- \/wp:heading --><!-- wp:paragraph -->\n<p>Vos commentaires sont appr\u00e9ci\u00e9s. Apr\u00e8s avoir termin\u00e9 votre consultation, veuillez vous connecter \u00e0 votre compte pour laisser vos commentaires. Allomed est une nouvelle plateforme est a besoin de l\u2019avis de ses utilisateurs concernant l\u2019exp\u00e9rience globale, la facilit\u00e9 d\u2019utilisation de sa plateforme, la suffisance des informations, la qualit\u00e9 de la consultation en ligne, l\u2019exp\u00e9rience durant la consultation et toute suggestion d\u2019am\u00e9lioration.<\/p>\n<!-- \/wp:paragraph --><!-- wp:paragraph -->\n<p>Vous serez contact\u00e9 apr\u00e8s la consultation pour vous rappeler de laisser un avis.<\/p>\n<!-- \/wp:paragraph --><!-- wp:heading {\"level\":5} -->\n<p>\u00a0<\/p>\n<!-- \/wp:paragraph -->\n<div style=\"overflow: hidden; height: 1px;\">\n<p>Fors\u00f8k \u00e5 f\u00e5 det til \u00e5 posere skjeer &#8211; slik at hun holder deg i hendene. Doggi sp\u00f8r selv de aktive bevegelsene og vekker <a href=\"https:\/\/norge-apotek24.com\/\">https:\/\/Norge-Apotek24.com<\/a> til dyr, men det er ogs\u00e5 en annen romantisk versjon av denne holdningen &#8211; kroppen. La ham sl\u00e5 seg bakfra, hvoretter han spredte seg fremover og hvisker noe s\u00f8tt til \u00f8ret &#8211; se, en annen ting.<\/p>\n<\/div>\t\t\t\t\t\t<\/div>\n\t\t\t\t<\/div>\n\t\t\t\t\t<\/div>\n\t\t<\/div>\n\t\t\t\t\t\t\t<\/div>\n\t\t<\/section>\n\t\t\t\t<section class=\"elementor-section elementor-top-section elementor-element elementor-element-209d9a7 elementor-section-boxed elementor-section-height-default elementor-section-height-default\" data-id=\"209d9a7\" data-element_type=\"section\">\n\t\t\t\t\t\t<div class=\"elementor-container elementor-column-gap-default\">\n\t\t\t\t\t<div class=\"elementor-column elementor-col-50 elementor-top-column elementor-element elementor-element-33c5bfc\" data-id=\"33c5bfc\" data-element_type=\"column\">\n\t\t\t<div class=\"elementor-widget-wrap elementor-element-populated\">\n\t\t\t\t\t\t\t\t<div class=\"elementor-element elementor-element-725b4e8 elementor-widget elementor-widget-image\" data-id=\"725b4e8\" data-element_type=\"widget\" data-widget_type=\"image.default\">\n\t\t\t\t<div class=\"elementor-widget-container\">\n\t\t\t<style>\/*! elementor - v3.11.4 - 12-03-2023 *\/\n.elementor-widget-image{text-align:center}.elementor-widget-image a{display:inline-block}.elementor-widget-image a img[src$=\".svg\"]{width:48px}.elementor-widget-image img{vertical-align:middle;display:inline-block}<\/style>\t\t\t\t\t\t\t\t\t\t\t\t<img decoding=\"async\" width=\"580\" height=\"535\" src=\"https:\/\/allomed.ch\/wp-content\/uploads\/2023\/03\/alloMed-311.png\" class=\"attachment-large size-large wp-image-1198\" alt=\"\" loading=\"lazy\" srcset=\"https:\/\/allomed.ch\/wp-content\/uploads\/2023\/03\/alloMed-311.png 738w, https:\/\/allomed.ch\/wp-content\/uploads\/2023\/03\/alloMed-311-300x277.png 300w, https:\/\/allomed.ch\/wp-content\/uploads\/2023\/03\/alloMed-311-13x12.png 13w\" sizes=\"(max-width: 580px) 100vw, 580px\" \/>\t\t\t\t\t\t\t\t\t\t\t\t\t\t\t<\/div>\n\t\t\t\t<\/div>\n\t\t\t\t\t<\/div>\n\t\t<\/div>\n\t\t\t\t<div class=\"elementor-column elementor-col-50 elementor-top-column elementor-element elementor-element-cff3f43\" data-id=\"cff3f43\" data-element_type=\"column\">\n\t\t\t<div class=\"elementor-widget-wrap elementor-element-populated\">\n\t\t\t\t\t\t\t\t<div class=\"elementor-element elementor-element-b5eb004 elementor-widget elementor-widget-spacer\" data-id=\"b5eb004\" data-element_type=\"widget\" data-widget_type=\"spacer.default\">\n\t\t\t\t<div class=\"elementor-widget-container\">\n\t\t\t<style>\/*! elementor - v3.11.4 - 12-03-2023 *\/\n.elementor-column .elementor-spacer-inner{height:var(--spacer-size)}.e-con{--container-widget-width:100%}.e-con-inner>.elementor-widget-spacer,.e-con>.elementor-widget-spacer{width:var(--container-widget-width,var(--spacer-size));--align-self:var(--container-widget-align-self,initial);--flex-shrink:0}.e-con-inner>.elementor-widget-spacer>.elementor-widget-container,.e-con-inner>.elementor-widget-spacer>.elementor-widget-container>.elementor-spacer,.e-con>.elementor-widget-spacer>.elementor-widget-container,.e-con>.elementor-widget-spacer>.elementor-widget-container>.elementor-spacer{height:100%}.e-con-inner>.elementor-widget-spacer>.elementor-widget-container>.elementor-spacer>.elementor-spacer-inner,.e-con>.elementor-widget-spacer>.elementor-widget-container>.elementor-spacer>.elementor-spacer-inner{height:var(--container-widget-height,var(--spacer-size))}<\/style>\t\t<div class=\"elementor-spacer\">\n\t\t\t<div class=\"elementor-spacer-inner\"><\/div>\n\t\t<\/div>\n\t\t\t\t<\/div>\n\t\t\t\t<\/div>\n\t\t\t\t<div class=\"elementor-element elementor-element-35cde73 elementor-widget elementor-widget-heading\" data-id=\"35cde73\" data-element_type=\"widget\" data-widget_type=\"heading.default\">\n\t\t\t\t<div class=\"elementor-widget-container\">\n\t\t\t<style>\/*! elementor - v3.11.4 - 12-03-2023 *\/\n.elementor-heading-title{padding:0;margin:0;line-height:1}.elementor-widget-heading .elementor-heading-title[class*=elementor-size-]>a{color:inherit;font-size:inherit;line-height:inherit}.elementor-widget-heading .elementor-heading-title.elementor-size-small{font-size:15px}.elementor-widget-heading .elementor-heading-title.elementor-size-medium{font-size:19px}.elementor-widget-heading .elementor-heading-title.elementor-size-large{font-size:29px}.elementor-widget-heading .elementor-heading-title.elementor-size-xl{font-size:39px}.elementor-widget-heading .elementor-heading-title.elementor-size-xxl{font-size:59px}<\/style><h2 class=\"elementor-heading-title elementor-size-default\">MEDIPOLE SA<\/h2>\t\t<\/div>\n\t\t\t\t<\/div>\n\t\t\t\t<div class=\"elementor-element elementor-element-d266ed0 elementor-widget elementor-widget-text-editor\" data-id=\"d266ed0\" data-element_type=\"widget\" data-widget_type=\"text-editor.default\">\n\t\t\t\t<div class=\"elementor-widget-container\">\n\t\t\t\t\t\t\t<p>Medipole SA \u2013 Chemin des terrasses 12 \u2013 1820 Montreux<br \/><a href=\"http:\/\/www.medipole.ch\/\">www.medipole.ch<\/a> &#8211; <a href=\"mailto:info@medipole.ch\">info@medipole.ch<\/a><\/p>\t\t\t\t\t\t<\/div>\n\t\t\t\t<\/div>\n\t\t\t\t\t<\/div>\n\t\t<\/div>\n\t\t\t\t\t\t\t<\/div>\n\t\t<\/section>\n\t\t\t\t\t\t\t<\/div>","protected":false},"excerpt":{"rendered":"<p>Our objectives and mission Allomed is an online platform that aims to create an easy, viable, flexible and innovative communication channel between doctors and healthcare professionals. Allomed aims to offer patients an exceptional private platform where they can choose a doctor, book an appointment and meet experienced healthcareprofessionals in a private virtual clinic using high-quality [&hellip;]<\/p>","protected":false},"author":1,"featured_media":0,"parent":0,"menu_order":0,"comment_status":"closed","ping_status":"closed","template":"page-templates\/patient-guide.php","meta":{"_mi_skip_tracking":false},"_links":{"self":[{"href":"https:\/\/allomed.ch\/fr\/wp-json\/wp\/v2\/pages\/51"}],"collection":[{"href":"https:\/\/allomed.ch\/fr\/wp-json\/wp\/v2\/pages"}],"about":[{"href":"https:\/\/allomed.ch\/fr\/wp-json\/wp\/v2\/types\/page"}],"author":[{"embeddable":true,"href":"https:\/\/allomed.ch\/fr\/wp-json\/wp\/v2\/users\/1"}],"replies":[{"embeddable":true,"href":"https:\/\/allomed.ch\/fr\/wp-json\/wp\/v2\/comments?post=51"}],"version-history":[{"count":28,"href":"https:\/\/allomed.ch\/fr\/wp-json\/wp\/v2\/pages\/51\/revisions"}],"predecessor-version":[{"id":1302,"href":"https:\/\/allomed.ch\/fr\/wp-json\/wp\/v2\/pages\/51\/revisions\/1302"}],"wp:attachment":[{"href":"https:\/\/allomed.ch\/fr\/wp-json\/wp\/v2\/media?parent=51"}],"curies":[{"name":"wp","href":"https:\/\/api.w.org\/{rel}","templated":true}]}}