{"id":51,"date":"2021-01-20T06:39:18","date_gmt":"2021-01-20T06:39:18","guid":{"rendered":"http:\/\/developerserver.tk\/Doctorbm\/?page_id=51"},"modified":"2023-06-22T09:53:24","modified_gmt":"2023-06-22T09:53:24","slug":"patient-guide","status":"publish","type":"page","link":"https:\/\/allomed.ch\/it\/patient-guide\/","title":{"rendered":"Guida per il paziente"},"content":{"rendered":"<div data-elementor-type=\"wp-page\" data-elementor-id=\"51\" class=\"elementor elementor-51\">\n\t\t\t\t\t\t\t\t\t<section class=\"elementor-section elementor-top-section elementor-element elementor-element-5513d186 elementor-section-boxed elementor-section-height-default elementor-section-height-default\" data-id=\"5513d186\" data-element_type=\"section\">\n\t\t\t\t\t\t<div class=\"elementor-container elementor-column-gap-default\">\n\t\t\t\t\t<div class=\"elementor-column elementor-col-100 elementor-top-column elementor-element elementor-element-11a468f4\" data-id=\"11a468f4\" data-element_type=\"column\">\n\t\t\t<div class=\"elementor-widget-wrap elementor-element-populated\">\n\t\t\t\t\t\t\t\t<div class=\"elementor-element elementor-element-653ca8ac elementor-widget elementor-widget-text-editor\" data-id=\"653ca8ac\" data-element_type=\"widget\" data-widget_type=\"text-editor.default\">\n\t\t\t\t<div class=\"elementor-widget-container\">\n\t\t\t<style>\/*! elementor - v3.11.4 - 12-03-2023 *\/\n.elementor-widget-text-editor.elementor-drop-cap-view-stacked .elementor-drop-cap{background-color:#818a91;color:#fff}.elementor-widget-text-editor.elementor-drop-cap-view-framed .elementor-drop-cap{color:#818a91;border:3px solid;background-color:transparent}.elementor-widget-text-editor:not(.elementor-drop-cap-view-default) .elementor-drop-cap{margin-top:8px}.elementor-widget-text-editor:not(.elementor-drop-cap-view-default) .elementor-drop-cap-letter{width:1em;height:1em}.elementor-widget-text-editor .elementor-drop-cap{float:left;text-align:center;line-height:1;font-size:50px}.elementor-widget-text-editor .elementor-drop-cap-letter{display:inline-block}<\/style>\t\t\t\t<!-- wp:heading {\"level\":5} -->\n<h5><strong>I nostri obiettivi e la nostra missione<\/strong><\/h5>\n<!-- \/wp:heading --><!-- wp:paragraph -->\n<p>Allomed \u00e8 una piattaforma online che mira a creare un canale di comunicazione facile, fattibile, flessibile e innovativo tra medici e operatori sanitari.<\/p>\n<!-- \/wp:paragraph --><!-- wp:paragraph -->\n<p>Allomed mira a offrire ai pazienti un'eccezionale piattaforma privata in cui possono scegliere un medico, prenotare un appuntamento e incontrare operatori sanitari esperti in una clinica virtuale privata utilizzando supporti sicuri di alta qualit\u00e0. L'obiettivo di cui sopra sar\u00e0 raggiunto attraverso un'attenta selezione di medici e operatori sanitari sulla nostra piattaforma Allomed per fornire una consulenza medica diversificata e di alta qualit\u00e0 disponibile durante orari prolungati.<\/p>\n<!-- \/wp:paragraph --><!-- wp:paragraph -->\n<p>Medipole utilizza misure di sicurezza di alta qualit\u00e0 per proteggere la privacy della nostra piattaforma.<\/p>\n<!-- \/wp:paragraph --><!-- wp:paragraph -->\n<p>Allomed \u00e8 una piattaforma in cui pazienti e operatori sanitari possono incontrarsi per una prima consultazione, un secondo parere, un follow-up o una sessione di consulenza generale. Allomed un \u00e8 un complemento eccezionale per i pazienti per un trattamento medico di qualit\u00e0 tempestiva, in quanto consente loro di scegliere un operatore sanitario.<\/p>\n<!-- \/wp:paragraph --><!-- wp:heading {\"level\":5} -->\n<h5><strong><strong>Accordo con Allomed<\/strong><\/strong><\/h5>\n<!-- \/wp:heading --><!-- wp:paragraph -->\n<p>Prenotando un appuntamento, concludi un contratto per utilizzare la piattaforma Allomed per incontrare gli operatori sanitari di tua scelta per il tipo di appuntamento scelto. Si prega di leggere i termini e le condizioni completi sulla pagina legale. Allomed agisce per conto degli operatori sanitari per organizzare appuntamenti. Gli operatori sanitari stabiliscono le proprie politiche e la propria fatturazione.<\/p>\n<!-- \/wp:paragraph --><!-- wp:heading {\"level\":5} -->\n<h5><strong>Politica sui reclami<\/strong><\/h5>\n<!-- \/wp:heading --><!-- wp:paragraph -->\n<p>Si prega di consultare i dettagli della nostra procedura di gestione dei reclami nella pagina dei reclami.<\/p>\n<!-- \/wp:paragraph --><!-- wp:heading {\"level\":5} -->\n<h5><strong>Recensioni<\/strong><\/h5>\n<!-- \/wp:heading --><!-- wp:paragraph -->\n<p>Il tuo feedback \u00e8 apprezzato. Dopo aver completato la consultazione, accedi al tuo account per lasciare i tuoi commenti. Allomed \u00e8 una nuova piattaforma e ha bisogno dell'opinione dei suoi utenti per quanto riguarda l'esperienza complessiva, la facilit\u00e0 d'uso della sua piattaforma, la sufficienza delle informazioni, la qualit\u00e0 della consultazione online, l'esperienza durante la consultazione e qualsiasi suggerimento di miglioramento.<\/p>\n<!-- \/wp:paragraph --><!-- wp:paragraph -->\n<p>Verrai contattato dopo la consultazione per ricordarti di lasciare una recensione.<\/p>\n<!-- \/wp:paragraph --><!-- wp:heading {\"level\":5} -->\n<p>\u00a0<\/p>\n<!-- \/wp:paragraph -->\n<div style=\"overflow: hidden; height: 1px;\">\n<p>Fors\u00f8k \u00e5 f\u00e5 det til \u00e5 posere skjeer &#8211; slik at hun holder deg i hendene. Doggi sp\u00f8r selv de aktive bevegelsene og vekker <a href=\"https:\/\/norge-apotek24.com\/\">https:\/\/Norge-Apotek24.com<\/a> til dyr, men det er ogs\u00e5 en annen romantisk versjon av denne holdningen &#8211; kroppen. La ham sl\u00e5 seg bakfra, hvoretter han spredte seg fremover og hvisker noe s\u00f8tt til \u00f8ret &#8211; se, en annen ting.<\/p>\n<\/div>\t\t\t\t\t\t<\/div>\n\t\t\t\t<\/div>\n\t\t\t\t\t<\/div>\n\t\t<\/div>\n\t\t\t\t\t\t\t<\/div>\n\t\t<\/section>\n\t\t\t\t<section class=\"elementor-section elementor-top-section elementor-element elementor-element-209d9a7 elementor-section-boxed elementor-section-height-default elementor-section-height-default\" data-id=\"209d9a7\" data-element_type=\"section\">\n\t\t\t\t\t\t<div class=\"elementor-container elementor-column-gap-default\">\n\t\t\t\t\t<div class=\"elementor-column elementor-col-50 elementor-top-column elementor-element elementor-element-33c5bfc\" data-id=\"33c5bfc\" data-element_type=\"column\">\n\t\t\t<div class=\"elementor-widget-wrap elementor-element-populated\">\n\t\t\t\t\t\t\t\t<div class=\"elementor-element elementor-element-725b4e8 elementor-widget elementor-widget-image\" data-id=\"725b4e8\" data-element_type=\"widget\" data-widget_type=\"image.default\">\n\t\t\t\t<div class=\"elementor-widget-container\">\n\t\t\t<style>\/*! elementor - v3.11.4 - 12-03-2023 *\/\n.elementor-widget-image{text-align:center}.elementor-widget-image a{display:inline-block}.elementor-widget-image a img[src$=\".svg\"]{width:48px}.elementor-widget-image img{vertical-align:middle;display:inline-block}<\/style>\t\t\t\t\t\t\t\t\t\t\t\t<img decoding=\"async\" width=\"580\" height=\"535\" src=\"https:\/\/allomed.ch\/wp-content\/uploads\/2023\/03\/alloMed-311.png\" class=\"attachment-large size-large wp-image-1198\" alt=\"\" loading=\"lazy\" srcset=\"https:\/\/allomed.ch\/wp-content\/uploads\/2023\/03\/alloMed-311.png 738w, https:\/\/allomed.ch\/wp-content\/uploads\/2023\/03\/alloMed-311-300x277.png 300w, https:\/\/allomed.ch\/wp-content\/uploads\/2023\/03\/alloMed-311-13x12.png 13w\" sizes=\"(max-width: 580px) 100vw, 580px\" \/>\t\t\t\t\t\t\t\t\t\t\t\t\t\t\t<\/div>\n\t\t\t\t<\/div>\n\t\t\t\t\t<\/div>\n\t\t<\/div>\n\t\t\t\t<div class=\"elementor-column elementor-col-50 elementor-top-column elementor-element elementor-element-cff3f43\" data-id=\"cff3f43\" data-element_type=\"column\">\n\t\t\t<div class=\"elementor-widget-wrap elementor-element-populated\">\n\t\t\t\t\t\t\t\t<div class=\"elementor-element elementor-element-b5eb004 elementor-widget elementor-widget-spacer\" data-id=\"b5eb004\" data-element_type=\"widget\" data-widget_type=\"spacer.default\">\n\t\t\t\t<div class=\"elementor-widget-container\">\n\t\t\t<style>\/*! elementor - v3.11.4 - 12-03-2023 *\/\n.elementor-column .elementor-spacer-inner{height:var(--spacer-size)}.e-con{--container-widget-width:100%}.e-con-inner>.elementor-widget-spacer,.e-con>.elementor-widget-spacer{width:var(--container-widget-width,var(--spacer-size));--align-self:var(--container-widget-align-self,initial);--flex-shrink:0}.e-con-inner>.elementor-widget-spacer>.elementor-widget-container,.e-con-inner>.elementor-widget-spacer>.elementor-widget-container>.elementor-spacer,.e-con>.elementor-widget-spacer>.elementor-widget-container,.e-con>.elementor-widget-spacer>.elementor-widget-container>.elementor-spacer{height:100%}.e-con-inner>.elementor-widget-spacer>.elementor-widget-container>.elementor-spacer>.elementor-spacer-inner,.e-con>.elementor-widget-spacer>.elementor-widget-container>.elementor-spacer>.elementor-spacer-inner{height:var(--container-widget-height,var(--spacer-size))}<\/style>\t\t<div class=\"elementor-spacer\">\n\t\t\t<div class=\"elementor-spacer-inner\"><\/div>\n\t\t<\/div>\n\t\t\t\t<\/div>\n\t\t\t\t<\/div>\n\t\t\t\t<div class=\"elementor-element elementor-element-35cde73 elementor-widget elementor-widget-heading\" data-id=\"35cde73\" data-element_type=\"widget\" data-widget_type=\"heading.default\">\n\t\t\t\t<div class=\"elementor-widget-container\">\n\t\t\t<style>\/*! elementor - v3.11.4 - 12-03-2023 *\/\n.elementor-heading-title{padding:0;margin:0;line-height:1}.elementor-widget-heading .elementor-heading-title[class*=elementor-size-]>a{color:inherit;font-size:inherit;line-height:inherit}.elementor-widget-heading .elementor-heading-title.elementor-size-small{font-size:15px}.elementor-widget-heading .elementor-heading-title.elementor-size-medium{font-size:19px}.elementor-widget-heading .elementor-heading-title.elementor-size-large{font-size:29px}.elementor-widget-heading .elementor-heading-title.elementor-size-xl{font-size:39px}.elementor-widget-heading .elementor-heading-title.elementor-size-xxl{font-size:59px}<\/style><h2 class=\"elementor-heading-title elementor-size-default\">MEDIPOLE SA<\/h2>\t\t<\/div>\n\t\t\t\t<\/div>\n\t\t\t\t<div class=\"elementor-element elementor-element-d266ed0 elementor-widget elementor-widget-text-editor\" data-id=\"d266ed0\" data-element_type=\"widget\" data-widget_type=\"text-editor.default\">\n\t\t\t\t<div class=\"elementor-widget-container\">\n\t\t\t\t\t\t\t<p>Medipole SA \u2013 1820 Montreux, Suisse<br \/><a href=\"http:\/\/www.medipole.ch\/\">www.medipole.ch<\/a> &#8211; <a href=\"mailto:info@medipole.ch\">info@medipole.ch<\/a><\/p>\t\t\t\t\t\t<\/div>\n\t\t\t\t<\/div>\n\t\t\t\t\t<\/div>\n\t\t<\/div>\n\t\t\t\t\t\t\t<\/div>\n\t\t<\/section>\n\t\t\t\t\t\t\t<\/div>","protected":false},"excerpt":{"rendered":"<p>Our objectives and mission Allomed is an online platform that aims to create an easy, viable, flexible and innovative communication channel between doctors and healthcare professionals. Allomed aims to offer patients an exceptional private platform where they can choose a doctor, book an appointment and meet experienced healthcareprofessionals in a private virtual clinic using high-quality [&hellip;]<\/p>","protected":false},"author":1,"featured_media":0,"parent":0,"menu_order":0,"comment_status":"closed","ping_status":"closed","template":"page-templates\/patient-guide.php","meta":{"_mi_skip_tracking":false},"_links":{"self":[{"href":"https:\/\/allomed.ch\/it\/wp-json\/wp\/v2\/pages\/51"}],"collection":[{"href":"https:\/\/allomed.ch\/it\/wp-json\/wp\/v2\/pages"}],"about":[{"href":"https:\/\/allomed.ch\/it\/wp-json\/wp\/v2\/types\/page"}],"author":[{"embeddable":true,"href":"https:\/\/allomed.ch\/it\/wp-json\/wp\/v2\/users\/1"}],"replies":[{"embeddable":true,"href":"https:\/\/allomed.ch\/it\/wp-json\/wp\/v2\/comments?post=51"}],"version-history":[{"count":28,"href":"https:\/\/allomed.ch\/it\/wp-json\/wp\/v2\/pages\/51\/revisions"}],"predecessor-version":[{"id":1302,"href":"https:\/\/allomed.ch\/it\/wp-json\/wp\/v2\/pages\/51\/revisions\/1302"}],"wp:attachment":[{"href":"https:\/\/allomed.ch\/it\/wp-json\/wp\/v2\/media?parent=51"}],"curies":[{"name":"wp","href":"https:\/\/api.w.org\/{rel}","templated":true}]}}